{"id":1790,"date":"2020-09-09T14:16:40","date_gmt":"2020-09-09T12:16:40","guid":{"rendered":"https:\/\/www.g-pack.hu\/?page_id=1790"},"modified":"2024-06-06T12:21:07","modified_gmt":"2024-06-06T10:21:07","slug":"contact","status":"publish","type":"page","link":"https:\/\/www.g-pack.hu\/en\/contact\/","title":{"rendered":"Contact"},"content":{"rendered":"\n<p>If you like what you see, please contact us for more details:<\/p>\n\n\n\n<h2>G\u00e1sp\u00e1r-Pack Kft.<\/h2>\n\n\n\n<p>H-7761 Koz\u00e1rmisleny, Vadvir\u00e1g u. 7.<br>Phone: +36 72 371 935 (Mo-Fri: 8:00 \u2013 15:00)<br>Email: <a href=\"mailto:g-pack@g-pack.hu\">g-pack@g-pack.hu<\/a><\/p>\n","protected":false},"excerpt":{"rendered":"<p>If you like what you see, please contact us for more details: G\u00e1sp\u00e1r-Pack Kft. H-7761 Koz\u00e1rmisleny, Vadvir\u00e1g u. 7.Phone: +36 72 371 935 (Mo-Fri: 8:00 \u2013 15:00)Email: g-pack@g-pack.hu<\/p>\n","protected":false},"author":2,"featured_media":0,"parent":0,"menu_order":0,"comment_status":"closed","ping_status":"closed","template":"templates\/page-contact.php","meta":{"_genesis_hide_title":false,"_genesis_hide_breadcrumbs":false,"_genesis_hide_singular_image":false,"_genesis_hide_footer_widgets":false,"_genesis_custom_body_class":"","_genesis_custom_post_class":"","_genesis_layout":""},"_links":{"self":[{"href":"https:\/\/www.g-pack.hu\/en\/wp-json\/wp\/v2\/pages\/1790\/"}],"collection":[{"href":"https:\/\/www.g-pack.hu\/en\/wp-json\/wp\/v2\/pages\/"}],"about":[{"href":"https:\/\/www.g-pack.hu\/en\/wp-json\/wp\/v2\/types\/page\/"}],"author":[{"embeddable":true,"href":"https:\/\/www.g-pack.hu\/en\/wp-json\/wp\/v2\/users\/2\/"}],"replies":[{"embeddable":true,"href":"https:\/\/www.g-pack.hu\/en\/wp-json\/wp\/v2\/comments\/?post=1790"}],"version-history":[{"count":3,"href":"https:\/\/www.g-pack.hu\/en\/wp-json\/wp\/v2\/pages\/1790\/revisions\/"}],"predecessor-version":[{"id":2868,"href":"https:\/\/www.g-pack.hu\/en\/wp-json\/wp\/v2\/pages\/1790\/revisions\/2868\/"}],"wp:attachment":[{"href":"https:\/\/www.g-pack.hu\/en\/wp-json\/wp\/v2\/media\/?parent=1790"}],"curies":[{"name":"wp","href":"https:\/\/api.w.org\/{rel}","templated":true}]}}