{"id":1792,"date":"2020-09-09T14:17:32","date_gmt":"2020-09-09T12:17:32","guid":{"rendered":"https:\/\/www.g-pack.hu\/?page_id=1792"},"modified":"2024-06-06T11:12:28","modified_gmt":"2024-06-06T09:12:28","slug":"reference-list","status":"publish","type":"page","link":"https:\/\/www.g-pack.hu\/en\/reference-list\/","title":{"rendered":"Reference list"},"content":{"rendered":"\n<h2>Custom consumer packaging<\/h2>\n\n\n\n<ol><li><strong>KFG \u2013 1B Hard foiling-packing<\/strong><br>MILKER &#8211; Orosz. GE HUNGARY &#8211; Kisv\u00e1rda. B\u00c1BOLNA BIO &#8211; B\u00e1bolna. BANINI &#8211; Szerb. UNIHENKOM &#8211; Szerbia. CANDY HILL &#8211; Szeged. LA PALOMA &#8211; H\u00f3dmez\u0151v\u00e1s\u00e1rhely. ROMANIUK &#8211; Ukr\u00e1n.<\/li><li><strong>KFG \u2013 2B Hard foiling-packing<\/strong><br>GE HUNGARY &#8211; Kisv\u00e1rda. LA PALOMA &#8211; H\u00f3dmez\u0151v\u00e1s\u00e1rhely.<\/li><li><strong>LFG \u2013 1B Vacuum, soft foiling-packing<\/strong><br>SOLE MIZO &#8211; P\u00e9cs. VESZPR\u00c9MTEJ &#8211; P\u00e1pa. SOMESANA &#8211; Rom\u00e1nia. F\u00d3LIAPLAST &#8211; Szeged. NUTRECIA &#8211; Miskolc. FRIESLANDCAMPINA &#8211; Rom\u00e1nia. MINNA &#8211; S\u00e1toralja\u00fajhely. K\u0150R\u00d6STEJ &#8211; Hajd\u00fab\u00f6sz\u00f6rm\u00e9ny.<\/li><li><strong>DG \u2013 1B Cardboard box packing<\/strong><br>GE HUNGARY &#8211; Kisv\u00e1rda, Budapest, Nagykanizsa. VESZPR\u00c9MTEJ &#8211; Veszpr\u00e9m. EGIS &#8211; K\u00f6rmend.<br>TEVA GY\u00d3GYSZERGY\u00c1R &#8211; Debrecen. NEW PROBITAS &#8211; Orosz, Rom\u00e1n, Indon\u00e9z. MASAKYS &#8211; USA. TUREK &#8211; Lengyel. SOLE MIZO &#8211; Marcali. K\u0150R\u00d6STEJ &#8211; Barcs. CHINOIN &#8211; Veresegyh\u00e1z. BONBONETTI &#8211; Nagykanizsa. BANINI &#8211; Szerb. BALDAUF \u00e9s T. &#8211; Szada. VITECER &#8211; Cegl\u00e9d. K\u0150R\u00d6STEJ &#8211; Hajd\u00fab\u00f6sz\u00f6rm\u00e9ny. NATURLAND &#8211; Budapest.<\/li><li><strong>DG \u2013 2B <strong>Cardboard box packing<\/strong><\/strong><br>BANINI &#8211; Szerb. ALF\u00d6LDI GABONA &#8211; Karcag. PERG\u0150 &#8211; Devecser. HESI &#8211; Eger. B\u00c1BOLNA BIO &#8211; B\u00e1bolna. TUREK &#8211; Lengyel. MASTERFOOD &#8211; Csongr\u00e1d. IWINEX &#8211; S\u00fck\u00f6sd. GOODWILL PHARMA &#8211; Szeged. STAYER FOOD &#8211; Lajosmizse. N\u00c9BAR &#8211; Baja. GOODWILL PHARMA &#8211; Szerbia.<\/li><li><strong>DG \u2013 13B, DG &#8211; 5B, DG &#8211; 7B <strong>Cardboard box packing<\/strong><\/strong><br>TEVA GY\u00d3GYSZERGY\u00c1R &#8211; Debrecen. TUREK &#8211; Lengyel. VESZPR\u00c9MTEJ &#8211; Veszpr\u00e9m. MASTERFOOD &#8211; Csongr\u00e1d. LISS &#8211; R\u00e9pcelak. K\u0150R\u00d6STEJ &#8211; Kacs\u00f3ta.<\/li><\/ol>\n\n\n\n<h2>Collecting packaging<\/h2>\n\n\n\n<ol start=\"7\"><li><strong>FG \u2013 2B Foiling, collecting-packing<\/strong><br>PARMALAT &#8211; Sz\u00e9kesfeh\u00e9rv\u00e1r. MEDIK\u00c9MIA &#8211; Szeged. GE HUNGARY &#8211; Nagykanizsa, Kisv\u00e1rda. TVK &#8211; Tisza\u00fajv\u00e1ros. TEVA GY\u00d3GYSZERGY\u00c1R &#8211; Debrecen. ALF\u00d6LDI GABONA &#8211; Karcag. CHINOIN &#8211; Budapest. UNILEVER &#8211; Veszpr\u00e9m. PARTNER IN PET FOOD &#8211; Kaposszekcs\u0151.<\/li><li><strong>FG \u2013 3B High performance foiling, collecting-packing<\/strong><br>PHARMAVIT &#8211; Veresegyh\u00e1za. CHINOIN &#8211; Budapest. UNILEVER &#8211; Veszpr\u00e9m. TEVA GY\u00d3GYSZERGY\u00c1R &#8211; Debrecen.<\/li><li><strong>GYDG \u2013 2B Cardboard box collecting-packing<\/strong><br>GE HUNGARY &#8211; Olaszorsz\u00e1g, Nagykanizsa. IMEX &#8211; N\u00e9met. TEVA GY\u00d3GYSZERGY\u00c1R &#8211; Debrecen. INFINEON &#8211; Cegl\u00e9d. SANOFI-AVENTIS &#8211; Veresegyh\u00e1z. ABONETT &#8211; Abony. CORNEXI FOOD &#8211; Sz\u00e9kesfeh\u00e9rv\u00e1r. R\u00d3NA DOH\u00c1NYFELDOLGOZ\u00d3 &#8211; Debrecen.<\/li><li><strong>GYDG \u2013 3B Cardboard box collecting-packing<\/strong><br>GE HUNGARY &#8211; Nagykanizsa. TEVA GY\u00d3GYSZERGY\u00c1R &#8211; Debrecen. BANINI &#8211; Szerb. MASTERFOOD &#8211; Csongr\u00e1d. BAT P\u00c9CSI DOH\u00c1NYGY\u00c1R &#8211; P\u00e9cs. NT &#8211; Kiskunf\u00e9legyh\u00e1za.<\/li><li><strong>GYDG \u2013 31B Cardboard box collecting-packing<\/strong><br>GE HUNGARY &#8211; Budapest, Nagykanizsa. BANINI &#8211; Szerb. HILLTOP &#8211; Neszm\u00e9ly. MOL-LUB &#8211; Alm\u00e1sf\u00fczit\u0151.<\/li><li><strong>GYDG \u2013 4B Cardboard box collecting-packing<\/strong><br>V\u00c1RDA DRINK &#8211; Kisv\u00e1rda. BANINI &#8211; Szerb. GE HUNGARY &#8211; Budapest, Kisv\u00e1rda, \u00d3zd. HILLTOP &#8211; Neszm\u00e9ly. NT &#8211; Kiskunf\u00e9legyh\u00e1za.<\/li><li><strong>GYDG \u2013 5B Cardboard box collecting-packing<\/strong><br>GE HNGARY &#8211; Budapest, Kisv\u00e1rda, \u00d3zd. BANINI &#8211; Szerb. CORNEXI FOOD &#8211; Sz\u00e9kesfeh\u00e9rv\u00e1r.<\/li><li><strong>GYDG \u2013 6B Cardboard box collecting-packing<\/strong><br>UNIVER &#8211; Kecskem\u00e9t, FINIFOOD &#8211; Kaposv\u00e1r. NT &#8211; Kiskunf\u00e9legyh\u00e1za.<\/li><\/ol>\n\n\n\n<p><strong>Custom made machine production:<\/strong> GE HUNGARY &#8211; Nagykanizsa, Kisv\u00e1rda. B\u00c1BOLNA BIO &#8211; B\u00e1bolna. BANINI &#8211; Szerbia. MASTER FOOD &#8211; Csongr\u00e1d. VELUX &#8211; Fert\u0151d. VESZPR\u00c9MTEJ &#8211; Veszpr\u00e9m. UNIVER &#8211; Kecskem\u00e9t. TEVA GY\u00d3GYSZERGY\u00c1R &#8211; Debrecen. MOL LUB &#8211; Alm\u00e1sf\u00fczit\u0151. LA PALOMA &#8211; H\u00f3dmez\u0151v\u00e1s\u00e1rhely. ELECTROLUX &#8211; J\u00e1szber\u00e9ny. HONSA &#8211; P\u00e9cs.<\/p>\n","protected":false},"excerpt":{"rendered":"<p>We are very proud of our previous works.<br \/>\nPlease take a look at our portfolio!<\/p>\n","protected":false},"author":2,"featured_media":0,"parent":0,"menu_order":0,"comment_status":"closed","ping_status":"closed","template":"","meta":{"_genesis_hide_title":false,"_genesis_hide_breadcrumbs":false,"_genesis_hide_singular_image":false,"_genesis_hide_footer_widgets":false,"_genesis_custom_body_class":"","_genesis_custom_post_class":"","_genesis_layout":""},"_links":{"self":[{"href":"https:\/\/www.g-pack.hu\/en\/wp-json\/wp\/v2\/pages\/1792\/"}],"collection":[{"href":"https:\/\/www.g-pack.hu\/en\/wp-json\/wp\/v2\/pages\/"}],"about":[{"href":"https:\/\/www.g-pack.hu\/en\/wp-json\/wp\/v2\/types\/page\/"}],"author":[{"embeddable":true,"href":"https:\/\/www.g-pack.hu\/en\/wp-json\/wp\/v2\/users\/2\/"}],"replies":[{"embeddable":true,"href":"https:\/\/www.g-pack.hu\/en\/wp-json\/wp\/v2\/comments\/?post=1792"}],"version-history":[{"count":7,"href":"https:\/\/www.g-pack.hu\/en\/wp-json\/wp\/v2\/pages\/1792\/revisions\/"}],"predecessor-version":[{"id":2820,"href":"https:\/\/www.g-pack.hu\/en\/wp-json\/wp\/v2\/pages\/1792\/revisions\/2820\/"}],"wp:attachment":[{"href":"https:\/\/www.g-pack.hu\/en\/wp-json\/wp\/v2\/media\/?parent=1792"}],"curies":[{"name":"wp","href":"https:\/\/api.w.org\/{rel}","templated":true}]}}